{"id":7974,"date":"2022-11-28T12:30:44","date_gmt":"2022-11-28T09:30:44","guid":{"rendered":"https:\/\/paceliftasansor.com\/?page_id=7974"},"modified":"2022-12-22T16:02:39","modified_gmt":"2022-12-22T13:02:39","slug":"urunlerimiz","status":"publish","type":"page","link":"https:\/\/paceliftasansor.com\/?page_id=7974","title":{"rendered":"\u00dcr\u00fcnlerimiz"},"content":{"rendered":"\t\t<div data-elementor-type=\"wp-page\" data-elementor-id=\"7974\" class=\"elementor elementor-7974\">\n\t\t\t\t\t\t\t\t\t<section class=\"elementor-section elementor-top-section elementor-element elementor-element-780e8877 elementor-section-full_width elementor-section-height-default elementor-section-height-default\" data-id=\"780e8877\" data-element_type=\"section\">\n\t\t\t\t\t\t<div class=\"elementor-container elementor-column-gap-default\">\n\t\t\t\t\t<div class=\"elementor-column elementor-col-100 elementor-top-column elementor-element elementor-element-184954c4\" data-id=\"184954c4\" data-element_type=\"column\">\n\t\t\t<div class=\"elementor-widget-wrap elementor-element-populated\">\n\t\t\t\t\t\t\t\t<div class=\"elementor-element elementor-element-d3dd16b elementor-widget elementor-widget-infetech_elementor_header_banner\" data-id=\"d3dd16b\" data-element_type=\"widget\" data-widget_type=\"infetech_elementor_header_banner.default\">\n\t\t\t\t<div class=\"elementor-widget-container\">\n\t\t\t\t\t \t<!-- Display when you choose background per Post -->\n\t\t \t<div class=\"wrap_header_banner bg_feature_img center \" style=\"background: url(  )\"  >\n\n\t\t \t\t\t\t\t \t\n\t\t\t\t \t<div class=\"cover_color\"><\/div>\n\n\t\t\t\t\t<div class=\"header_banner_el \">\n\t\t\t\t\t\t\n\t\t\t\t\t\t\t\t\t\t\t\t\t\n\t\t\t\t\t\t\t\n\t\t\t\t\t\t\t\t\t\t\t\t\t\t<h1 class=\" header_title\">\n\t\t\t\t\t\t\t\t\t\t\t\t\t\t\t<\/h1>\n\t\t\t\t\t\t\t\t\n\t\t\t\t\t\t\n\n\t\t\t\t\t\t\t\t\t\t\t\t\t<div class=\"header_breadcrumbs\">\n\t\t\t\t\t\t\t\t<div id=\"breadcrumbs\"><ul class=\"breadcrumb\"><li><a href=\"https:\/\/paceliftasansor.com\/\" title=\"Anasayfa\">Anasayfa<\/a><\/li> <li class=\"li_separator\"><span class=\"separator\"><i class=\"ovaicon-next\"><\/i><\/span><\/li><li>Sayfa<\/li><\/ul><\/div>\t\t\t\t\t\t\t<\/div>\n\t\t\t\t\t\t\n\t\t\t\t\t<\/div>\n\n\t\t\t\t\n\t\t\t<\/div>\n\t\t\t\t<\/div>\n\t\t\t\t<\/div>\n\t\t\t\t\t<\/div>\n\t\t<\/div>\n\t\t\t\t\t\t\t<\/div>\n\t\t<\/section>\n\t\t\t\t<section class=\"elementor-section elementor-top-section elementor-element elementor-element-77549a0 elementor-section-boxed elementor-section-height-default elementor-section-height-default\" data-id=\"77549a0\" data-element_type=\"section\" data-settings=\"{&quot;background_background&quot;:&quot;classic&quot;}\">\n\t\t\t\t\t\t<div class=\"elementor-container elementor-column-gap-default\">\n\t\t\t\t\t<div class=\"elementor-column elementor-col-100 elementor-top-column elementor-element elementor-element-f3b30fd\" data-id=\"f3b30fd\" data-element_type=\"column\">\n\t\t\t<div class=\"elementor-widget-wrap\">\n\t\t\t\t\t\t\t\t\t<\/div>\n\t\t<\/div>\n\t\t\t\t\t\t\t<\/div>\n\t\t<\/section>\n\t\t\t\t<section class=\"elementor-section elementor-top-section elementor-element elementor-element-07435e4 elementor-section-boxed elementor-section-height-default elementor-section-height-default\" data-id=\"07435e4\" data-element_type=\"section\">\n\t\t\t\t\t\t<div class=\"elementor-container elementor-column-gap-default\">\n\t\t\t\t\t<div class=\"elementor-column elementor-col-20 elementor-top-column elementor-element elementor-element-fa1c300\" data-id=\"fa1c300\" data-element_type=\"column\">\n\t\t\t<div class=\"elementor-widget-wrap elementor-element-populated\">\n\t\t\t\t\t\t\t\t<div class=\"elementor-element elementor-element-f4eb5c2 elementor-widget elementor-widget-image\" data-id=\"f4eb5c2\" data-element_type=\"widget\" data-widget_type=\"image.default\">\n\t\t\t\t<div class=\"elementor-widget-container\">\n\t\t\t<style>\/*! elementor - v3.8.1 - 13-11-2022 *\/\n.elementor-widget-image{text-align:center}.elementor-widget-image a{display:inline-block}.elementor-widget-image a img[src$=\".svg\"]{width:48px}.elementor-widget-image img{vertical-align:middle;display:inline-block}<\/style>\t\t\t\t\t\t\t\t\t\t\t\t\t<a href=\"https:\/\/paceliftasansor.com\/?page_id=8226\">\n\t\t\t\t\t\t\t<img loading=\"lazy\" decoding=\"async\" width=\"150\" height=\"150\" src=\"https:\/\/paceliftasansor.com\/wp-content\/uploads\/2022\/12\/Kabinler-150x150.png\" class=\"attachment-thumbnail size-thumbnail\" alt=\"\" srcset=\"https:\/\/paceliftasansor.com\/wp-content\/uploads\/2022\/12\/Kabinler-150x150.png 150w, https:\/\/paceliftasansor.com\/wp-content\/uploads\/2022\/12\/Kabinler.png 256w\" sizes=\"auto, (max-width: 150px) 100vw, 150px\" \/>\t\t\t\t\t\t\t\t<\/a>\n\t\t\t\t\t\t\t\t\t\t\t\t\t\t\t<\/div>\n\t\t\t\t<\/div>\n\t\t\t\t\t<\/div>\n\t\t<\/div>\n\t\t\t\t<div class=\"elementor-column elementor-col-20 elementor-top-column elementor-element elementor-element-f90569b\" data-id=\"f90569b\" data-element_type=\"column\">\n\t\t\t<div class=\"elementor-widget-wrap elementor-element-populated\">\n\t\t\t\t\t\t\t\t<div class=\"elementor-element elementor-element-6191a5e elementor-widget elementor-widget-image\" data-id=\"6191a5e\" data-element_type=\"widget\" data-widget_type=\"image.default\">\n\t\t\t\t<div class=\"elementor-widget-container\">\n\t\t\t\t\t\t\t\t\t\t\t\t\t\t\t\t<a href=\"https:\/\/paceliftasansor.com\/?page_id=8260\">\n\t\t\t\t\t\t\t<img loading=\"lazy\" decoding=\"async\" width=\"150\" height=\"150\" src=\"https:\/\/paceliftasansor.com\/wp-content\/uploads\/2022\/12\/kap\u2500\u2592lar-150x150.png\" class=\"attachment-thumbnail size-thumbnail\" alt=\"\" srcset=\"https:\/\/paceliftasansor.com\/wp-content\/uploads\/2022\/12\/kap\u2500\u2592lar-150x150.png 150w, https:\/\/paceliftasansor.com\/wp-content\/uploads\/2022\/12\/kap\u2500\u2592lar.png 256w\" sizes=\"auto, (max-width: 150px) 100vw, 150px\" \/>\t\t\t\t\t\t\t\t<\/a>\n\t\t\t\t\t\t\t\t\t\t\t\t\t\t\t<\/div>\n\t\t\t\t<\/div>\n\t\t\t\t\t<\/div>\n\t\t<\/div>\n\t\t\t\t<div class=\"elementor-column elementor-col-20 elementor-top-column elementor-element elementor-element-8b40ce3\" data-id=\"8b40ce3\" data-element_type=\"column\">\n\t\t\t<div class=\"elementor-widget-wrap elementor-element-populated\">\n\t\t\t\t\t\t\t\t<div class=\"elementor-element elementor-element-cfc3a02 elementor-widget elementor-widget-image\" data-id=\"cfc3a02\" data-element_type=\"widget\" data-widget_type=\"image.default\">\n\t\t\t\t<div class=\"elementor-widget-container\">\n\t\t\t\t\t\t\t\t\t\t\t\t\t\t\t\t<a href=\"https:\/\/paceliftasansor.com\/?page_id=8262\">\n\t\t\t\t\t\t\t<img loading=\"lazy\" decoding=\"async\" width=\"150\" height=\"150\" src=\"https:\/\/paceliftasansor.com\/wp-content\/uploads\/2022\/12\/kumanda-panosu-150x150.png\" class=\"attachment-thumbnail size-thumbnail\" alt=\"\" srcset=\"https:\/\/paceliftasansor.com\/wp-content\/uploads\/2022\/12\/kumanda-panosu-150x150.png 150w, https:\/\/paceliftasansor.com\/wp-content\/uploads\/2022\/12\/kumanda-panosu.png 256w\" sizes=\"auto, (max-width: 150px) 100vw, 150px\" \/>\t\t\t\t\t\t\t\t<\/a>\n\t\t\t\t\t\t\t\t\t\t\t\t\t\t\t<\/div>\n\t\t\t\t<\/div>\n\t\t\t\t\t<\/div>\n\t\t<\/div>\n\t\t\t\t<div class=\"elementor-column elementor-col-20 elementor-top-column elementor-element elementor-element-66b4b63\" data-id=\"66b4b63\" data-element_type=\"column\">\n\t\t\t<div class=\"elementor-widget-wrap elementor-element-populated\">\n\t\t\t\t\t\t\t\t<div class=\"elementor-element elementor-element-1159045 elementor-widget elementor-widget-image\" data-id=\"1159045\" data-element_type=\"widget\" data-widget_type=\"image.default\">\n\t\t\t\t<div class=\"elementor-widget-container\">\n\t\t\t\t\t\t\t\t\t\t\t\t\t\t\t\t<a href=\"https:\/\/paceliftasansor.com\/?page_id=8284\">\n\t\t\t\t\t\t\t<img loading=\"lazy\" decoding=\"async\" width=\"150\" height=\"150\" src=\"https:\/\/paceliftasansor.com\/wp-content\/uploads\/2022\/12\/Makineler-150x150.png\" class=\"attachment-thumbnail size-thumbnail\" alt=\"\" srcset=\"https:\/\/paceliftasansor.com\/wp-content\/uploads\/2022\/12\/Makineler-150x150.png 150w, https:\/\/paceliftasansor.com\/wp-content\/uploads\/2022\/12\/Makineler.png 256w\" sizes=\"auto, (max-width: 150px) 100vw, 150px\" \/>\t\t\t\t\t\t\t\t<\/a>\n\t\t\t\t\t\t\t\t\t\t\t\t\t\t\t<\/div>\n\t\t\t\t<\/div>\n\t\t\t\t\t<\/div>\n\t\t<\/div>\n\t\t\t\t<div class=\"elementor-column elementor-col-20 elementor-top-column elementor-element elementor-element-1edb6e3\" data-id=\"1edb6e3\" data-element_type=\"column\">\n\t\t\t<div class=\"elementor-widget-wrap elementor-element-populated\">\n\t\t\t\t\t\t\t\t<div class=\"elementor-element elementor-element-2847eca elementor-widget elementor-widget-image\" data-id=\"2847eca\" data-element_type=\"widget\" data-widget_type=\"image.default\">\n\t\t\t\t<div class=\"elementor-widget-container\">\n\t\t\t\t\t\t\t\t\t\t\t\t\t\t\t\t<a href=\"https:\/\/paceliftasansor.com\/?page_id=8284\">\n\t\t\t\t\t\t\t<img loading=\"lazy\" decoding=\"async\" width=\"150\" height=\"150\" src=\"https:\/\/paceliftasansor.com\/wp-content\/uploads\/2022\/12\/motorlar-150x150.png\" class=\"attachment-thumbnail size-thumbnail\" alt=\"\" srcset=\"https:\/\/paceliftasansor.com\/wp-content\/uploads\/2022\/12\/motorlar-150x150.png 150w, https:\/\/paceliftasansor.com\/wp-content\/uploads\/2022\/12\/motorlar.png 256w\" sizes=\"auto, (max-width: 150px) 100vw, 150px\" \/>\t\t\t\t\t\t\t\t<\/a>\n\t\t\t\t\t\t\t\t\t\t\t\t\t\t\t<\/div>\n\t\t\t\t<\/div>\n\t\t\t\t\t<\/div>\n\t\t<\/div>\n\t\t\t\t\t\t\t<\/div>\n\t\t<\/section>\n\t\t\t\t<section class=\"elementor-section elementor-top-section elementor-element elementor-element-d7a0192 elementor-section-boxed elementor-section-height-default elementor-section-height-default\" data-id=\"d7a0192\" data-element_type=\"section\">\n\t\t\t\t\t\t<div class=\"elementor-container elementor-column-gap-default\">\n\t\t\t\t\t<div class=\"elementor-column elementor-col-20 elementor-top-column elementor-element elementor-element-0bda537\" data-id=\"0bda537\" data-element_type=\"column\">\n\t\t\t<div class=\"elementor-widget-wrap elementor-element-populated\">\n\t\t\t\t\t\t\t\t<div class=\"elementor-element elementor-element-dae5224 elementor-widget elementor-widget-image\" data-id=\"dae5224\" data-element_type=\"widget\" data-widget_type=\"image.default\">\n\t\t\t\t<div class=\"elementor-widget-container\">\n\t\t\t\t\t\t\t\t\t\t\t\t\t\t\t\t<a href=\"https:\/\/paceliftasansor.com\/?page_id=8038\">\n\t\t\t\t\t\t\t<img loading=\"lazy\" decoding=\"async\" width=\"150\" height=\"150\" src=\"https:\/\/paceliftasansor.com\/wp-content\/uploads\/2022\/12\/kuru-aku\u2560eler-150x150.png\" class=\"attachment-thumbnail size-thumbnail\" alt=\"\" srcset=\"https:\/\/paceliftasansor.com\/wp-content\/uploads\/2022\/12\/kuru-aku\u2560eler-150x150.png 150w, https:\/\/paceliftasansor.com\/wp-content\/uploads\/2022\/12\/kuru-aku\u2560eler.png 256w\" sizes=\"auto, (max-width: 150px) 100vw, 150px\" \/>\t\t\t\t\t\t\t\t<\/a>\n\t\t\t\t\t\t\t\t\t\t\t\t\t\t\t<\/div>\n\t\t\t\t<\/div>\n\t\t\t\t\t<\/div>\n\t\t<\/div>\n\t\t\t\t<div class=\"elementor-column elementor-col-20 elementor-top-column elementor-element elementor-element-c43bd40\" data-id=\"c43bd40\" data-element_type=\"column\">\n\t\t\t<div class=\"elementor-widget-wrap elementor-element-populated\">\n\t\t\t\t\t\t\t\t<div class=\"elementor-element elementor-element-6f2ca29 elementor-widget elementor-widget-image\" data-id=\"6f2ca29\" data-element_type=\"widget\" data-widget_type=\"image.default\">\n\t\t\t\t<div class=\"elementor-widget-container\">\n\t\t\t\t\t\t\t\t\t\t\t\t\t\t\t\t<a href=\"https:\/\/paceliftasansor.com\/?page_id=8330\">\n\t\t\t\t\t\t\t<img loading=\"lazy\" decoding=\"async\" width=\"150\" height=\"150\" src=\"https:\/\/paceliftasansor.com\/wp-content\/uploads\/2022\/12\/Jel-Aku\u2560eler-150x150.png\" class=\"attachment-thumbnail size-thumbnail\" alt=\"\" srcset=\"https:\/\/paceliftasansor.com\/wp-content\/uploads\/2022\/12\/Jel-Aku\u2560eler-150x150.png 150w, https:\/\/paceliftasansor.com\/wp-content\/uploads\/2022\/12\/Jel-Aku\u2560eler.png 256w\" sizes=\"auto, (max-width: 150px) 100vw, 150px\" \/>\t\t\t\t\t\t\t\t<\/a>\n\t\t\t\t\t\t\t\t\t\t\t\t\t\t\t<\/div>\n\t\t\t\t<\/div>\n\t\t\t\t\t<\/div>\n\t\t<\/div>\n\t\t\t\t<div class=\"elementor-column elementor-col-20 elementor-top-column elementor-element elementor-element-69999de\" data-id=\"69999de\" data-element_type=\"column\">\n\t\t\t<div class=\"elementor-widget-wrap elementor-element-populated\">\n\t\t\t\t\t\t\t\t<div class=\"elementor-element elementor-element-25907cb elementor-widget elementor-widget-image\" data-id=\"25907cb\" data-element_type=\"widget\" data-widget_type=\"image.default\">\n\t\t\t\t<div class=\"elementor-widget-container\">\n\t\t\t\t\t\t\t\t\t\t\t\t\t\t\t\t<a href=\"https:\/\/paceliftasansor.com\/?page_id=8363\">\n\t\t\t\t\t\t\t<img loading=\"lazy\" decoding=\"async\" width=\"150\" height=\"150\" src=\"https:\/\/paceliftasansor.com\/wp-content\/uploads\/2022\/12\/ups-150x150.png\" class=\"attachment-thumbnail size-thumbnail\" alt=\"\" srcset=\"https:\/\/paceliftasansor.com\/wp-content\/uploads\/2022\/12\/ups-150x150.png 150w, https:\/\/paceliftasansor.com\/wp-content\/uploads\/2022\/12\/ups.png 256w\" sizes=\"auto, (max-width: 150px) 100vw, 150px\" \/>\t\t\t\t\t\t\t\t<\/a>\n\t\t\t\t\t\t\t\t\t\t\t\t\t\t\t<\/div>\n\t\t\t\t<\/div>\n\t\t\t\t\t<\/div>\n\t\t<\/div>\n\t\t\t\t<div class=\"elementor-column elementor-col-20 elementor-top-column elementor-element elementor-element-3b460af\" data-id=\"3b460af\" data-element_type=\"column\">\n\t\t\t<div class=\"elementor-widget-wrap elementor-element-populated\">\n\t\t\t\t\t\t\t\t<div class=\"elementor-element elementor-element-0ac3ca3 elementor-widget elementor-widget-image\" data-id=\"0ac3ca3\" data-element_type=\"widget\" data-widget_type=\"image.default\">\n\t\t\t\t<div class=\"elementor-widget-container\">\n\t\t\t\t\t\t\t\t\t\t\t\t\t\t\t\t<a href=\"https:\/\/paceliftasansor.com\/?page_id=8384\">\n\t\t\t\t\t\t\t<img loading=\"lazy\" decoding=\"async\" width=\"150\" height=\"150\" src=\"https:\/\/paceliftasansor.com\/wp-content\/uploads\/2022\/12\/Regu\u2560elato\u2560erler-150x150.png\" class=\"attachment-thumbnail size-thumbnail\" alt=\"\" srcset=\"https:\/\/paceliftasansor.com\/wp-content\/uploads\/2022\/12\/Regu\u2560elato\u2560erler-150x150.png 150w, https:\/\/paceliftasansor.com\/wp-content\/uploads\/2022\/12\/Regu\u2560elato\u2560erler.png 256w\" sizes=\"auto, (max-width: 150px) 100vw, 150px\" \/>\t\t\t\t\t\t\t\t<\/a>\n\t\t\t\t\t\t\t\t\t\t\t\t\t\t\t<\/div>\n\t\t\t\t<\/div>\n\t\t\t\t\t<\/div>\n\t\t<\/div>\n\t\t\t\t<div class=\"elementor-column elementor-col-20 elementor-top-column elementor-element elementor-element-10661e4\" data-id=\"10661e4\" data-element_type=\"column\">\n\t\t\t<div class=\"elementor-widget-wrap elementor-element-populated\">\n\t\t\t\t\t\t\t\t<div class=\"elementor-element elementor-element-6d4170e elementor-widget elementor-widget-image\" data-id=\"6d4170e\" data-element_type=\"widget\" data-widget_type=\"image.default\">\n\t\t\t\t<div class=\"elementor-widget-container\">\n\t\t\t\t\t\t\t\t\t\t\t\t\t\t\t\t<a href=\"https:\/\/paceliftasansor.com\/?page_id=8395\">\n\t\t\t\t\t\t\t<img loading=\"lazy\" decoding=\"async\" width=\"150\" height=\"150\" src=\"https:\/\/paceliftasansor.com\/wp-content\/uploads\/2022\/12\/Redreso\u2560erler-150x150.png\" class=\"attachment-thumbnail size-thumbnail\" alt=\"\" srcset=\"https:\/\/paceliftasansor.com\/wp-content\/uploads\/2022\/12\/Redreso\u2560erler-150x150.png 150w, https:\/\/paceliftasansor.com\/wp-content\/uploads\/2022\/12\/Redreso\u2560erler.png 256w\" sizes=\"auto, (max-width: 150px) 100vw, 150px\" \/>\t\t\t\t\t\t\t\t<\/a>\n\t\t\t\t\t\t\t\t\t\t\t\t\t\t\t<\/div>\n\t\t\t\t<\/div>\n\t\t\t\t\t<\/div>\n\t\t<\/div>\n\t\t\t\t\t\t\t<\/div>\n\t\t<\/section>\n\t\t\t\t\t\t\t<\/div>\n\t\t","protected":false},"excerpt":{"rendered":"<p>Anasayfa Sayfa<\/p>\n","protected":false},"author":1,"featured_media":0,"parent":0,"menu_order":0,"comment_status":"closed","ping_status":"closed","template":"elementor_header_footer","meta":{"footnotes":""},"class_list":["post-7974","page","type-page","status-publish","hentry"],"yoast_head":"<!-- This site is optimized with the Yoast SEO plugin v19.14 - https:\/\/yoast.com\/wordpress\/plugins\/seo\/ -->\n<title>\u00dcr\u00fcnlerimiz - PaceLift Asans\u00f6r<\/title>\n<meta name=\"robots\" content=\"noindex, follow, max-snippet:-1, max-image-preview:large, max-video-preview:-1\" \/>\n<meta property=\"og:locale\" content=\"tr_TR\" \/>\n<meta property=\"og:type\" content=\"article\" \/>\n<meta property=\"og:title\" content=\"\u00dcr\u00fcnlerimiz - PaceLift Asans\u00f6r\" \/>\n<meta property=\"og:description\" content=\"Anasayfa Sayfa\" \/>\n<meta property=\"og:url\" content=\"https:\/\/paceliftasansor.com\/?page_id=7974\" \/>\n<meta property=\"og:site_name\" content=\"PaceLift Asans\u00f6r\" \/>\n<meta property=\"article:modified_time\" content=\"2022-12-22T13:02:39+00:00\" \/>\n<meta property=\"og:image\" content=\"http:\/\/paceliftasansor.com\/wp-content\/uploads\/2022\/12\/Kabinler-150x150.png\" \/>\n<meta name=\"twitter:card\" content=\"summary_large_image\" \/>\n<script type=\"application\/ld+json\" class=\"yoast-schema-graph\">{\"@context\":\"https:\/\/schema.org\",\"@graph\":[{\"@type\":\"WebPage\",\"@id\":\"https:\/\/paceliftasansor.com\/?page_id=7974\",\"url\":\"https:\/\/paceliftasansor.com\/?page_id=7974\",\"name\":\"\u00dcr\u00fcnlerimiz - PaceLift Asans\u00f6r\",\"isPartOf\":{\"@id\":\"https:\/\/paceliftasansor.com\/#website\"},\"datePublished\":\"2022-11-28T09:30:44+00:00\",\"dateModified\":\"2022-12-22T13:02:39+00:00\",\"breadcrumb\":{\"@id\":\"https:\/\/paceliftasansor.com\/?page_id=7974#breadcrumb\"},\"inLanguage\":\"tr\",\"potentialAction\":[{\"@type\":\"ReadAction\",\"target\":[\"https:\/\/paceliftasansor.com\/?page_id=7974\"]}]},{\"@type\":\"BreadcrumbList\",\"@id\":\"https:\/\/paceliftasansor.com\/?page_id=7974#breadcrumb\",\"itemListElement\":[{\"@type\":\"ListItem\",\"position\":1,\"name\":\"Anasayfa\",\"item\":\"https:\/\/paceliftasansor.com\/\"},{\"@type\":\"ListItem\",\"position\":2,\"name\":\"\u00dcr\u00fcnlerimiz\"}]},{\"@type\":\"WebSite\",\"@id\":\"https:\/\/paceliftasansor.com\/#website\",\"url\":\"https:\/\/paceliftasansor.com\/\",\"name\":\"PaceLift Asans\u00f6r\",\"description\":\"\",\"potentialAction\":[{\"@type\":\"SearchAction\",\"target\":{\"@type\":\"EntryPoint\",\"urlTemplate\":\"https:\/\/paceliftasansor.com\/?s={search_term_string}\"},\"query-input\":\"required name=search_term_string\"}],\"inLanguage\":\"tr\"}]}<\/script>\n<!-- \/ Yoast SEO plugin. -->","yoast_head_json":{"title":"\u00dcr\u00fcnlerimiz - PaceLift Asans\u00f6r","robots":{"index":"noindex","follow":"follow","max-snippet":"max-snippet:-1","max-image-preview":"max-image-preview:large","max-video-preview":"max-video-preview:-1"},"og_locale":"tr_TR","og_type":"article","og_title":"\u00dcr\u00fcnlerimiz - PaceLift Asans\u00f6r","og_description":"Anasayfa Sayfa","og_url":"https:\/\/paceliftasansor.com\/?page_id=7974","og_site_name":"PaceLift Asans\u00f6r","article_modified_time":"2022-12-22T13:02:39+00:00","og_image":[{"url":"http:\/\/paceliftasansor.com\/wp-content\/uploads\/2022\/12\/Kabinler-150x150.png"}],"twitter_card":"summary_large_image","schema":{"@context":"https:\/\/schema.org","@graph":[{"@type":"WebPage","@id":"https:\/\/paceliftasansor.com\/?page_id=7974","url":"https:\/\/paceliftasansor.com\/?page_id=7974","name":"\u00dcr\u00fcnlerimiz - PaceLift Asans\u00f6r","isPartOf":{"@id":"https:\/\/paceliftasansor.com\/#website"},"datePublished":"2022-11-28T09:30:44+00:00","dateModified":"2022-12-22T13:02:39+00:00","breadcrumb":{"@id":"https:\/\/paceliftasansor.com\/?page_id=7974#breadcrumb"},"inLanguage":"tr","potentialAction":[{"@type":"ReadAction","target":["https:\/\/paceliftasansor.com\/?page_id=7974"]}]},{"@type":"BreadcrumbList","@id":"https:\/\/paceliftasansor.com\/?page_id=7974#breadcrumb","itemListElement":[{"@type":"ListItem","position":1,"name":"Anasayfa","item":"https:\/\/paceliftasansor.com\/"},{"@type":"ListItem","position":2,"name":"\u00dcr\u00fcnlerimiz"}]},{"@type":"WebSite","@id":"https:\/\/paceliftasansor.com\/#website","url":"https:\/\/paceliftasansor.com\/","name":"PaceLift Asans\u00f6r","description":"","potentialAction":[{"@type":"SearchAction","target":{"@type":"EntryPoint","urlTemplate":"https:\/\/paceliftasansor.com\/?s={search_term_string}"},"query-input":"required name=search_term_string"}],"inLanguage":"tr"}]}},"_links":{"self":[{"href":"https:\/\/paceliftasansor.com\/index.php?rest_route=\/wp\/v2\/pages\/7974","targetHints":{"allow":["GET"]}}],"collection":[{"href":"https:\/\/paceliftasansor.com\/index.php?rest_route=\/wp\/v2\/pages"}],"about":[{"href":"https:\/\/paceliftasansor.com\/index.php?rest_route=\/wp\/v2\/types\/page"}],"author":[{"embeddable":true,"href":"https:\/\/paceliftasansor.com\/index.php?rest_route=\/wp\/v2\/users\/1"}],"replies":[{"embeddable":true,"href":"https:\/\/paceliftasansor.com\/index.php?rest_route=%2Fwp%2Fv2%2Fcomments&post=7974"}],"version-history":[{"count":10,"href":"https:\/\/paceliftasansor.com\/index.php?rest_route=\/wp\/v2\/pages\/7974\/revisions"}],"predecessor-version":[{"id":8434,"href":"https:\/\/paceliftasansor.com\/index.php?rest_route=\/wp\/v2\/pages\/7974\/revisions\/8434"}],"wp:attachment":[{"href":"https:\/\/paceliftasansor.com\/index.php?rest_route=%2Fwp%2Fv2%2Fmedia&parent=7974"}],"curies":[{"name":"wp","href":"https:\/\/api.w.org\/{rel}","templated":true}]}}